{"id":960,"date":"2017-06-19T07:07:39","date_gmt":"2017-06-19T07:07:39","guid":{"rendered":"https:\/\/websitedemos.net\/astra-lite-demo-1\/?page_id=21"},"modified":"2019-10-31T01:24:49","modified_gmt":"2019-10-31T05:24:49","slug":"facilitation","status":"publish","type":"page","link":"https:\/\/generativ.ca\/fr\/facilitation\/","title":{"rendered":"La facilitation"},"content":{"rendered":"<div data-elementor-type=\"wp-post\" data-elementor-id=\"960\" class=\"elementor elementor-960\">\n\t\t\t\t\t\t<section class=\"elementor-section elementor-top-section elementor-element elementor-element-qbatklh elementor-section-stretched elementor-section-boxed elementor-section-height-default elementor-section-height-default\" data-id=\"qbatklh\" data-element_type=\"section\" data-e-type=\"section\" data-settings=\"{&quot;stretch_section&quot;:&quot;section-stretched&quot;,&quot;background_background&quot;:&quot;classic&quot;}\">\n\t\t\t\t\t\t\t<div class=\"elementor-background-overlay\"><\/div>\n\t\t\t\t\t\t\t<div class=\"elementor-container elementor-column-gap-default\">\n\t\t\t\t\t<div class=\"elementor-column elementor-col-100 elementor-top-column elementor-element elementor-element-fpudphs\" data-id=\"fpudphs\" data-element_type=\"column\" data-e-type=\"column\">\n\t\t\t<div class=\"elementor-widget-wrap elementor-element-populated\">\n\t\t\t\t\t\t<div class=\"elementor-element elementor-element-nbxgqiw elementor-widget elementor-widget-heading\" data-id=\"nbxgqiw\" data-element_type=\"widget\" data-e-type=\"widget\" data-widget_type=\"heading.default\">\n\t\t\t\t<div class=\"elementor-widget-container\">\n\t\t\t\t\t<h1 class=\"elementor-heading-title elementor-size-default\">La facilitation<\/h1>\t\t\t\t<\/div>\n\t\t\t\t<\/div>\n\t\t\t\t<div class=\"elementor-element elementor-element-bfvioug elementor-widget elementor-widget-heading\" data-id=\"bfvioug\" data-element_type=\"widget\" data-e-type=\"widget\" data-widget_type=\"heading.default\">\n\t\t\t\t<div class=\"elementor-widget-container\">\n\t\t\t\t\t<h4 class=\"elementor-heading-title elementor-size-default\">R\u00e9unions \u00b7 Ateliers \u00b7 Retraites \u00b7 Consultations<\/h4>\t\t\t\t<\/div>\n\t\t\t\t<\/div>\n\t\t\t\t<div class=\"elementor-element elementor-element-epplbnh elementor-widget elementor-widget-text-editor\" data-id=\"epplbnh\" data-element_type=\"widget\" data-e-type=\"widget\" data-widget_type=\"text-editor.default\">\n\t\t\t\t<div class=\"elementor-widget-container\">\n\t\t\t\t\t\t\t\t\t<p>Des interactions de groupe efficaces - face-\u00e0-face et \u00e0 distance.<\/p>\t\t\t\t\t\t\t\t<\/div>\n\t\t\t\t<\/div>\n\t\t\t\t\t<\/div>\n\t\t<\/div>\n\t\t\t\t\t<\/div>\n\t\t<\/section>\n\t\t\t\t<section class=\"elementor-section elementor-top-section elementor-element elementor-element-bwsqeuj elementor-section-stretched elementor-section-boxed elementor-section-height-default elementor-section-height-default\" data-id=\"bwsqeuj\" data-element_type=\"section\" data-e-type=\"section\" data-settings=\"{&quot;stretch_section&quot;:&quot;section-stretched&quot;,&quot;background_background&quot;:&quot;classic&quot;}\">\n\t\t\t\t\t\t<div class=\"elementor-container elementor-column-gap-default\">\n\t\t\t\t\t<div class=\"elementor-column elementor-col-100 elementor-top-column elementor-element elementor-element-hjptihj\" data-id=\"hjptihj\" data-element_type=\"column\" data-e-type=\"column\">\n\t\t\t<div class=\"elementor-widget-wrap elementor-element-populated\">\n\t\t\t\t\t\t<div class=\"elementor-element elementor-element-vpmgumr elementor-widget-divider--view-line elementor-widget elementor-widget-divider\" data-id=\"vpmgumr\" data-element_type=\"widget\" data-e-type=\"widget\" data-widget_type=\"divider.default\">\n\t\t\t\t<div class=\"elementor-widget-container\">\n\t\t\t\t\t\t\t<div class=\"elementor-divider\">\n\t\t\t<span class=\"elementor-divider-separator\">\n\t\t\t\t\t\t<\/span>\n\t\t<\/div>\n\t\t\t\t\t\t<\/div>\n\t\t\t\t<\/div>\n\t\t\t\t<div class=\"elementor-element elementor-element-gdzivxu elementor-widget elementor-widget-text-editor\" data-id=\"gdzivxu\" data-element_type=\"widget\" data-e-type=\"widget\" data-widget_type=\"text-editor.default\">\n\t\t\t\t<div class=\"elementor-widget-container\">\n\t\t\t\t\t\t\t\t\t<p>En tant que tierce partie neutre et expert en processus, nous travaillons avec vous avant, pendant et apr\u00e8s vos s\u00e9ances de groupe pour vous aider \u00e0 obtenir les r\u00e9sultats dont vous avez besoin.<\/p>\t\t\t\t\t\t\t\t<\/div>\n\t\t\t\t<\/div>\n\t\t\t\t<section class=\"elementor-section elementor-inner-section elementor-element elementor-element-iensuwq elementor-section-boxed elementor-section-height-default elementor-section-height-default\" data-id=\"iensuwq\" data-element_type=\"section\" data-e-type=\"section\">\n\t\t\t\t\t\t<div class=\"elementor-container elementor-column-gap-default\">\n\t\t\t\t\t<div class=\"elementor-column elementor-col-33 elementor-inner-column elementor-element elementor-element-wfxzmbv\" data-id=\"wfxzmbv\" data-element_type=\"column\" data-e-type=\"column\" data-settings=\"{&quot;background_background&quot;:&quot;classic&quot;}\">\n\t\t\t<div class=\"elementor-widget-wrap elementor-element-populated\">\n\t\t\t\t\t\t<div class=\"elementor-element elementor-element-fuvtjmc elementor-vertical-align-top elementor-widget elementor-widget-image-box\" data-id=\"fuvtjmc\" data-element_type=\"widget\" data-e-type=\"widget\" data-widget_type=\"image-box.default\">\n\t\t\t\t<div class=\"elementor-widget-container\">\n\t\t\t\t\t<div class=\"elementor-image-box-wrapper\"><div class=\"elementor-image-box-content\"><h3 class=\"elementor-image-box-title\">Avant: La conception<\/h3><p class=\"elementor-image-box-description\">En r\u00e8gle g\u00e9n\u00e9rale, au moins 50% du travail d'un facilitateur est accompli avant m\u00eame que le groupe ne se r\u00e9unisse. Nous travaillons avec vous pour d\u00e9finir des buts et objectifs clairs et pour \u00e9laborer un ordre du jour permettant de les atteindre.<\/p><\/div><\/div>\t\t\t\t<\/div>\n\t\t\t\t<\/div>\n\t\t\t\t\t<\/div>\n\t\t<\/div>\n\t\t\t\t<div class=\"elementor-column elementor-col-33 elementor-inner-column elementor-element elementor-element-zscfyzr\" data-id=\"zscfyzr\" data-element_type=\"column\" data-e-type=\"column\" data-settings=\"{&quot;background_background&quot;:&quot;classic&quot;}\">\n\t\t\t<div class=\"elementor-widget-wrap elementor-element-populated\">\n\t\t\t\t\t\t<div class=\"elementor-element elementor-element-acvxbds elementor-vertical-align-top elementor-widget elementor-widget-image-box\" data-id=\"acvxbds\" data-element_type=\"widget\" data-e-type=\"widget\" data-widget_type=\"image-box.default\">\n\t\t\t\t<div class=\"elementor-widget-container\">\n\t\t\t\t\t<div class=\"elementor-image-box-wrapper\"><div class=\"elementor-image-box-content\"><h3 class=\"elementor-image-box-title\">Pendant: La facilitation<\/h3><p class=\"elementor-image-box-description\">Nous facilitons des processus de groupe efficaces pour obtenir des informations, \u00e9laborer des solutions, cr\u00e9er des plans ou prendre des d\u00e9cisions. Nous facilitons le d\u00e9roulement de l\u2019ordre du jour en g\u00e9rant la participation, le temps et les r\u00e9sultats afin que vous puissiez vous concentrer sur le contenu.<\/p><\/div><\/div>\t\t\t\t<\/div>\n\t\t\t\t<\/div>\n\t\t\t\t\t<\/div>\n\t\t<\/div>\n\t\t\t\t<div class=\"elementor-column elementor-col-33 elementor-inner-column elementor-element elementor-element-hdjtfwi\" data-id=\"hdjtfwi\" data-element_type=\"column\" data-e-type=\"column\">\n\t\t\t<div class=\"elementor-widget-wrap elementor-element-populated\">\n\t\t\t\t\t\t<div class=\"elementor-element elementor-element-siwodsh elementor-vertical-align-top elementor-widget elementor-widget-image-box\" data-id=\"siwodsh\" data-element_type=\"widget\" data-e-type=\"widget\" data-widget_type=\"image-box.default\">\n\t\t\t\t<div class=\"elementor-widget-container\">\n\t\t\t\t\t<div class=\"elementor-image-box-wrapper\"><div class=\"elementor-image-box-content\"><h3 class=\"elementor-image-box-title\">Apr\u00e8s: Le rapport<\/h3><p class=\"elementor-image-box-description\">Nous vous rencontrons apr\u00e8s la session pour discuter des le\u00e7ons apprises et des prochaines \u00e9tapes. Nous pouvons \u00e9galement pr\u00e9parer un rapport de la session qui capte pour usage futur ce qui a \u00e9t\u00e9 discut\u00e9 et d\u00e9cid\u00e9.\n<\/p><\/div><\/div>\t\t\t\t<\/div>\n\t\t\t\t<\/div>\n\t\t\t\t\t<\/div>\n\t\t<\/div>\n\t\t\t\t\t<\/div>\n\t\t<\/section>\n\t\t\t\t<div class=\"elementor-element elementor-element-zyss25q elementor-widget elementor-widget-spacer\" data-id=\"zyss25q\" data-element_type=\"widget\" data-e-type=\"widget\" data-widget_type=\"spacer.default\">\n\t\t\t\t<div class=\"elementor-widget-container\">\n\t\t\t\t\t\t\t<div class=\"elementor-spacer\">\n\t\t\t<div class=\"elementor-spacer-inner\"><\/div>\n\t\t<\/div>\n\t\t\t\t\t\t<\/div>\n\t\t\t\t<\/div>\n\t\t\t\t\t<\/div>\n\t\t<\/div>\n\t\t\t\t\t<\/div>\n\t\t<\/section>\n\t\t\t\t<\/div>","protected":false},"excerpt":{"rendered":"<p>Facilitation Meetings \u00b7 Workshops \u00b7 Retreats \u00b7 Consultations Effective group interactions &#8211; in person and online. We work with you as neutral third parties and process experts before, during and after your group sessions, to help you achieve the outcomes you need. Before: Design As a general rule, at least 50% of a facilitator&#8217;s job [&hellip;]<\/p>\n","protected":false},"author":1,"featured_media":0,"parent":0,"menu_order":0,"comment_status":"closed","ping_status":"closed","template":"","meta":{"site-sidebar-layout":"no-sidebar","site-content-layout":"page-builder","ast-site-content-layout":"default","site-content-style":"default","site-sidebar-style":"default","ast-global-header-display":"","ast-banner-title-visibility":"","ast-main-header-display":"","ast-hfb-above-header-display":"","ast-hfb-below-header-display":"","ast-hfb-mobile-header-display":"","site-post-title":"disabled","ast-breadcrumbs-content":"","ast-featured-img":"disabled","footer-sml-layout":"","ast-disable-related-posts":"","theme-transparent-header-meta":"default","adv-header-id-meta":"","stick-header-meta":"","header-above-stick-meta":"","header-main-stick-meta":"","header-below-stick-meta":"","astra-migrate-meta-layouts":"default","ast-page-background-enabled":"default","ast-page-background-meta":{"desktop":{"background-color":"","background-image":"","background-repeat":"repeat","background-position":"center center","background-size":"auto","background-attachment":"scroll","background-type":"","background-media":"","overlay-type":"","overlay-color":"","overlay-opacity":"","overlay-gradient":""},"tablet":{"background-color":"","background-image":"","background-repeat":"repeat","background-position":"center center","background-size":"auto","background-attachment":"scroll","background-type":"","background-media":"","overlay-type":"","overlay-color":"","overlay-opacity":"","overlay-gradient":""},"mobile":{"background-color":"","background-image":"","background-repeat":"repeat","background-position":"center center","background-size":"auto","background-attachment":"scroll","background-type":"","background-media":"","overlay-type":"","overlay-color":"","overlay-opacity":"","overlay-gradient":""}},"ast-content-background-meta":{"desktop":{"background-color":"var(--ast-global-color-5)","background-image":"","background-repeat":"repeat","background-position":"center center","background-size":"auto","background-attachment":"scroll","background-type":"","background-media":"","overlay-type":"","overlay-color":"","overlay-opacity":"","overlay-gradient":""},"tablet":{"background-color":"var(--ast-global-color-5)","background-image":"","background-repeat":"repeat","background-position":"center center","background-size":"auto","background-attachment":"scroll","background-type":"","background-media":"","overlay-type":"","overlay-color":"","overlay-opacity":"","overlay-gradient":""},"mobile":{"background-color":"var(--ast-global-color-5)","background-image":"","background-repeat":"repeat","background-position":"center center","background-size":"auto","background-attachment":"scroll","background-type":"","background-media":"","overlay-type":"","overlay-color":"","overlay-opacity":"","overlay-gradient":""}},"footnotes":""},"class_list":["post-960","page","type-page","status-publish","hentry"],"yoast_head":"<!-- This site is optimized with the Yoast SEO plugin v27.4 - https:\/\/yoast.com\/product\/yoast-seo-wordpress\/ -->\n<title>Facilitation &#183; Generativ.ca<\/title>\n<meta name=\"robots\" content=\"index, follow, max-snippet:-1, max-image-preview:large, max-video-preview:-1\" \/>\n<link rel=\"canonical\" href=\"https:\/\/generativ.ca\/fr\/facilitation\/\" \/>\n<meta property=\"og:locale\" content=\"fr_CA\" \/>\n<meta property=\"og:type\" content=\"article\" \/>\n<meta property=\"og:title\" content=\"Facilitation &#183; Generativ.ca\" \/>\n<meta property=\"og:description\" content=\"Facilitation Meetings \u00b7 Workshops \u00b7 Retreats \u00b7 Consultations Effective group interactions &#8211; in person and online. We work with you as neutral third parties and process experts before, during and after your group sessions, to help you achieve the outcomes you need. Before: Design As a general rule, at least 50% of a facilitator&#8217;s job [&hellip;]\" \/>\n<meta property=\"og:url\" content=\"https:\/\/generativ.ca\/fr\/facilitation\/\" \/>\n<meta property=\"og:site_name\" content=\"Generativ.ca\" \/>\n<meta property=\"article:modified_time\" content=\"2019-10-31T05:24:49+00:00\" \/>\n<meta name=\"twitter:card\" content=\"summary_large_image\" \/>\n<meta name=\"twitter:label1\" content=\"Estimation du temps de lecture\" \/>\n\t<meta name=\"twitter:data1\" content=\"1 minute\" \/>\n<script type=\"application\/ld+json\" class=\"yoast-schema-graph\">{\"@context\":\"https:\\\/\\\/schema.org\",\"@graph\":[{\"@type\":\"WebPage\",\"@id\":\"https:\\\/\\\/generativ.ca\\\/facilitation\\\/\",\"url\":\"https:\\\/\\\/generativ.ca\\\/facilitation\\\/\",\"name\":\"Facilitation &#183; Generativ.ca\",\"isPartOf\":{\"@id\":\"https:\\\/\\\/generativ.ca\\\/fr\\\/#website\"},\"datePublished\":\"2017-06-19T07:07:39+00:00\",\"dateModified\":\"2019-10-31T05:24:49+00:00\",\"breadcrumb\":{\"@id\":\"https:\\\/\\\/generativ.ca\\\/facilitation\\\/#breadcrumb\"},\"inLanguage\":\"fr-CA\",\"potentialAction\":[{\"@type\":\"ReadAction\",\"target\":[\"https:\\\/\\\/generativ.ca\\\/facilitation\\\/\"]}]},{\"@type\":\"BreadcrumbList\",\"@id\":\"https:\\\/\\\/generativ.ca\\\/facilitation\\\/#breadcrumb\",\"itemListElement\":[{\"@type\":\"ListItem\",\"position\":1,\"name\":\"Home\",\"item\":\"https:\\\/\\\/generativ.ca\\\/\"},{\"@type\":\"ListItem\",\"position\":2,\"name\":\"Facilitation\"}]},{\"@type\":\"WebSite\",\"@id\":\"https:\\\/\\\/generativ.ca\\\/fr\\\/#website\",\"url\":\"https:\\\/\\\/generativ.ca\\\/fr\\\/\",\"name\":\"generativ.ca\",\"description\":\"Creating better futures with groups and organisations\",\"publisher\":{\"@id\":\"https:\\\/\\\/generativ.ca\\\/fr\\\/#organization\"},\"potentialAction\":[{\"@type\":\"SearchAction\",\"target\":{\"@type\":\"EntryPoint\",\"urlTemplate\":\"https:\\\/\\\/generativ.ca\\\/fr\\\/?s={search_term_string}\"},\"query-input\":{\"@type\":\"PropertyValueSpecification\",\"valueRequired\":true,\"valueName\":\"search_term_string\"}}],\"inLanguage\":\"fr-CA\"},{\"@type\":\"Organization\",\"@id\":\"https:\\\/\\\/generativ.ca\\\/fr\\\/#organization\",\"name\":\"generativ.ca consultants inc.\",\"url\":\"https:\\\/\\\/generativ.ca\\\/fr\\\/\",\"logo\":{\"@type\":\"ImageObject\",\"inLanguage\":\"fr-CA\",\"@id\":\"https:\\\/\\\/generativ.ca\\\/fr\\\/#\\\/schema\\\/logo\\\/image\\\/\",\"url\":\"https:\\\/\\\/generativ.ca\\\/wp-content\\\/uploads\\\/2019\\\/10\\\/generativ-logo.jpg\",\"contentUrl\":\"https:\\\/\\\/generativ.ca\\\/wp-content\\\/uploads\\\/2019\\\/10\\\/generativ-logo.jpg\",\"width\":479,\"height\":84,\"caption\":\"generativ.ca consultants inc.\"},\"image\":{\"@id\":\"https:\\\/\\\/generativ.ca\\\/fr\\\/#\\\/schema\\\/logo\\\/image\\\/\"}}]}<\/script>\n<!-- \/ Yoast SEO plugin. -->","yoast_head_json":{"title":"Facilitation &#183; Generativ.ca","robots":{"index":"index","follow":"follow","max-snippet":"max-snippet:-1","max-image-preview":"max-image-preview:large","max-video-preview":"max-video-preview:-1"},"canonical":"https:\/\/generativ.ca\/fr\/facilitation\/","og_locale":"fr_CA","og_type":"article","og_title":"Facilitation &#183; Generativ.ca","og_description":"Facilitation Meetings \u00b7 Workshops \u00b7 Retreats \u00b7 Consultations Effective group interactions &#8211; in person and online. We work with you as neutral third parties and process experts before, during and after your group sessions, to help you achieve the outcomes you need. Before: Design As a general rule, at least 50% of a facilitator&#8217;s job [&hellip;]","og_url":"https:\/\/generativ.ca\/fr\/facilitation\/","og_site_name":"Generativ.ca","article_modified_time":"2019-10-31T05:24:49+00:00","twitter_card":"summary_large_image","twitter_misc":{"Estimation du temps de lecture":"1 minute"},"schema":{"@context":"https:\/\/schema.org","@graph":[{"@type":"WebPage","@id":"https:\/\/generativ.ca\/facilitation\/","url":"https:\/\/generativ.ca\/facilitation\/","name":"Facilitation &#183; Generativ.ca","isPartOf":{"@id":"https:\/\/generativ.ca\/fr\/#website"},"datePublished":"2017-06-19T07:07:39+00:00","dateModified":"2019-10-31T05:24:49+00:00","breadcrumb":{"@id":"https:\/\/generativ.ca\/facilitation\/#breadcrumb"},"inLanguage":"fr-CA","potentialAction":[{"@type":"ReadAction","target":["https:\/\/generativ.ca\/facilitation\/"]}]},{"@type":"BreadcrumbList","@id":"https:\/\/generativ.ca\/facilitation\/#breadcrumb","itemListElement":[{"@type":"ListItem","position":1,"name":"Home","item":"https:\/\/generativ.ca\/"},{"@type":"ListItem","position":2,"name":"Facilitation"}]},{"@type":"WebSite","@id":"https:\/\/generativ.ca\/fr\/#website","url":"https:\/\/generativ.ca\/fr\/","name":"generativ.ca consultants inc.","description":"Cr\u00e9ant de meilleurs avenirs avec les groupes et les organisations","publisher":{"@id":"https:\/\/generativ.ca\/fr\/#organization"},"potentialAction":[{"@type":"SearchAction","target":{"@type":"EntryPoint","urlTemplate":"https:\/\/generativ.ca\/fr\/?s={search_term_string}"},"query-input":{"@type":"PropertyValueSpecification","valueRequired":true,"valueName":"search_term_string"}}],"inLanguage":"fr-CA"},{"@type":"Organization","@id":"https:\/\/generativ.ca\/fr\/#organization","name":"generativ.ca consultants inc.","url":"https:\/\/generativ.ca\/fr\/","logo":{"@type":"ImageObject","inLanguage":"fr-CA","@id":"https:\/\/generativ.ca\/fr\/#\/schema\/logo\/image\/","url":"https:\/\/generativ.ca\/wp-content\/uploads\/2019\/10\/generativ-logo.jpg","contentUrl":"https:\/\/generativ.ca\/wp-content\/uploads\/2019\/10\/generativ-logo.jpg","width":479,"height":84,"caption":"generativ.ca consultants inc."},"image":{"@id":"https:\/\/generativ.ca\/fr\/#\/schema\/logo\/image\/"}}]}},"_links":{"self":[{"href":"https:\/\/generativ.ca\/fr\/wp-json\/wp\/v2\/pages\/960","targetHints":{"allow":["GET"]}}],"collection":[{"href":"https:\/\/generativ.ca\/fr\/wp-json\/wp\/v2\/pages"}],"about":[{"href":"https:\/\/generativ.ca\/fr\/wp-json\/wp\/v2\/types\/page"}],"author":[{"embeddable":true,"href":"https:\/\/generativ.ca\/fr\/wp-json\/wp\/v2\/users\/1"}],"replies":[{"embeddable":true,"href":"https:\/\/generativ.ca\/fr\/wp-json\/wp\/v2\/comments?post=960"}],"version-history":[{"count":27,"href":"https:\/\/generativ.ca\/fr\/wp-json\/wp\/v2\/pages\/960\/revisions"}],"predecessor-version":[{"id":1190,"href":"https:\/\/generativ.ca\/fr\/wp-json\/wp\/v2\/pages\/960\/revisions\/1190"}],"wp:attachment":[{"href":"https:\/\/generativ.ca\/fr\/wp-json\/wp\/v2\/media?parent=960"}],"curies":[{"name":"wp","href":"https:\/\/api.w.org\/{rel}","templated":true}]}}